{"id":39,"date":"2021-11-27T23:08:03","date_gmt":"2021-11-27T22:08:03","guid":{"rendered":"https:\/\/www.zvartech.sk\/?post_type=product&#038;p=39"},"modified":"2026-04-15T03:17:43","modified_gmt":"2026-04-15T01:17:43","slug":"gamastar-2550-ls-synergia","status":"publish","type":"product","link":"https:\/\/www.zvartech.sk\/index.php\/produkt\/gamastar-2550-ls-synergia\/","title":{"rendered":"GAMASTAR 2550 LS SYNERGIA"},"content":{"rendered":"<p>Za\u0165a\u017eovate\u013e: Meran\u00e9 pri 40 \u00b0 C<br \/>\nMMA-oba\u013eovan\u00e1 elektr\u00f3da:<br \/>\n35% &#8211; 250A &#8211; 30V<br \/>\n60% &#8211; 210A &#8211; 28,4V<br \/>\n100% &#8211; 180A &#8211; 27,2V<\/p>\n<p>MIG-zv\u00e1ranie v ochrannej atmosf\u00e9re:<br \/>\n35% &#8211; 250A &#8211; 26,5V<br \/>\n60% &#8211; 210A &#8211; 24,5V<br \/>\n100% &#8211; 180A &#8211; 23V<\/p>\n<p>Hmotnos\u0165: 41,5 kg<\/p>\n<p>Nap\u00e1jacie nap\u00e4tie: 3x400V<\/p>\n<p>Proudov\u00fd rozsah: MMA 10A &#8211; 250A\/ MIG 30A &#8211; 250A<\/p>\n<p>Rozmery: 725x487x655<\/p>\n","protected":false},"excerpt":{"rendered":"<p><strong>Synergick\u00fd invertorov\u00fd zv\u00e1rac\u00ed stroj radu GAMASTAR je ur\u010den\u00fd pre zv\u00e1ranie:<\/strong><\/p>\n<p>1. obalenou elektr\u00f3dou MMA.<\/p>\n<p>2. DC TIG s dotykov\u00fdm \u0161tartom Lift-ARC (zv\u00e1ranie v ochrannej atmosf\u00e9re netaviacou sa elektr\u00f3dou).<\/p>\n<p>3. Zv\u00e1ranie met\u00f3dou MIG \/ MAG v ochrannej atmosf\u00e9re CO2, arg\u00f3n alebo zmesov\u00fdch plynov. Mo\u017enos\u0165 manu\u00e1lneho alebo synergick\u00e9ho nastavenie parametrov.<\/p>\n","protected":false},"featured_media":40,"comment_status":"open","ping_status":"closed","template":"","meta":[],"product_cat":[15],"product_tag":[],"class_list":["post-39","product","type-product","status-publish","has-post-thumbnail","hentry","product_cat-nezaradene"],"_links":{"self":[{"href":"https:\/\/www.zvartech.sk\/index.php\/wp-json\/wp\/v2\/product\/39","targetHints":{"allow":["GET"]}}],"collection":[{"href":"https:\/\/www.zvartech.sk\/index.php\/wp-json\/wp\/v2\/product"}],"about":[{"href":"https:\/\/www.zvartech.sk\/index.php\/wp-json\/wp\/v2\/types\/product"}],"replies":[{"embeddable":true,"href":"https:\/\/www.zvartech.sk\/index.php\/wp-json\/wp\/v2\/comments?post=39"}],"wp:featuredmedia":[{"embeddable":true,"href":"https:\/\/www.zvartech.sk\/index.php\/wp-json\/wp\/v2\/media\/40"}],"wp:attachment":[{"href":"https:\/\/www.zvartech.sk\/index.php\/wp-json\/wp\/v2\/media?parent=39"}],"wp:term":[{"taxonomy":"product_cat","embeddable":true,"href":"https:\/\/www.zvartech.sk\/index.php\/wp-json\/wp\/v2\/product_cat?post=39"},{"taxonomy":"product_tag","embeddable":true,"href":"https:\/\/www.zvartech.sk\/index.php\/wp-json\/wp\/v2\/product_tag?post=39"}],"curies":[{"name":"wp","href":"https:\/\/api.w.org\/{rel}","templated":true}]}}