{"id":37,"date":"2021-11-27T23:04:38","date_gmt":"2021-11-27T22:04:38","guid":{"rendered":"https:\/\/www.zvartech.sk\/?post_type=product&#038;p=37"},"modified":"2025-05-01T03:34:37","modified_gmt":"2025-05-01T01:34:37","slug":"omicron-gamastar-196ls-pfc","status":"publish","type":"product","link":"https:\/\/www.zvartech.sk\/index.php\/produkt\/omicron-gamastar-196ls-pfc\/","title":{"rendered":"Omicron GAMASTAR 196LS PFC"},"content":{"rendered":"<p>Zdroj je vybaven\u00fd pre met\u00f3du MMA funkciami:<\/p>\n<ul>\n<li><strong>HOT START<\/strong>\u00a0pre dokonal\u00e9 zap\u00e1lenie elektrick\u00e9ho obl\u00faku (mo\u017enos\u0165 regul\u00e1cie \u010dasu a pr\u00fadu)<\/li>\n<li><strong>SOFT START<\/strong>\u00a0funkcia zais\u0165uje pomal\u00fd n\u00e1beh zv\u00e1racieho pr\u00fadu, s touto funkciou je &#8220;vypad\u00e1vanie&#8221; isti\u010dov pri zap\u00ednan\u00ed zv\u00e1ra\u010dky minulos\u0165ou (mo\u017enos\u0165 regul\u00e1cie \u010dasu a pr\u00fadu)<\/li>\n<li><strong>ANTISTICK\u00a0<\/strong>zabra\u0148uje prilepeniu elektr\u00f3dy<\/li>\n<li><strong>ARC FORCE<\/strong>\u00a0zais\u0165uje stabilitu obl\u00faku&nbsp;<\/li>\n<\/ul>\n<p>Pre zv\u00e1ranie met\u00f3dou MIG\/MAG mo\u017eno voli\u0165: re\u017eim 2T \/ 4T, r\u00fdchlos\u0165 posuvu dr\u00f4tu (m\/min. a nap\u00e4tie V), bodovanie s regul\u00e1ciou d\u013a\u017eky trvania bodov a medzeri medzi bodmi, doba predfuku a dofoku plynu, v\u00fdlet dr\u00f4tu (pribli\u017eovacia r\u00fdchlos\u0165) a doba dohorenia.<\/p>\n<p>U modelu &#8220;<strong>LS&#8221;<\/strong>\u00a0m\u00f4\u017ee obsluha vybra\u0165 nastavenie v manu\u00e1lnom re\u017eime alebo zvoli\u0165 re\u017eim\u00a0<strong>synergick\u00fd<\/strong>, kde vyberie len priemer dr\u00f4tu (0,6-0,8mm pre \u017eelezo, nerez alebo 1,0-1,2mm pre hlin\u00edk) a potvrd\u00ed typ materi\u00e1lu (Fe, Cr, Al), stroj zaist\u00ed najoptim\u00e1lnej\u0161iu regul\u00e1ciu zv\u00e1racieho procesu (s mo\u017enos\u0165ou doladenia jednotliv\u00fdch funki\u00ed a v\u00fdberu 2T,4T alebo bodovania).<\/p>\n<p>&nbsp;<\/p>\n<p>V\u00fdbavu met\u00f3dy TIG tvoria funkcie:<\/p>\n<ul>\n<li><strong>LIFT ARC<\/strong>\u00a0so \u0161tartom obl\u00faku \u013eahk\u00fdm dotykom s ve\u013emi n\u00edzkym opotreben\u00edm wolframovej elektr\u00f3dy<\/li>\n<li><strong>DOWN SLOPE<\/strong>\u00a0vyplnenie kr\u00e1tera na konci zvaru (zv\u00e1rac\u00ed pr\u00fad sa zn\u00ed\u017ei v nastavenom \u010dase na po\u017eadovan\u00fa hodnotu) je aktivovan\u00e9 oddialen\u00edm hor\u00e1ku o 8-10mm, za\u010diatok doby vyp\u013a\u0148ania kr\u00e1tera je akusticky signalizovan\u00fd<\/li>\n<li><strong>TIG PULSE<\/strong>\u00a0nastavenie frekvencie (1-500 Hz) puls\u00e1cie zv\u00e1racieho pr\u00fadu.<\/li>\n<\/ul>\n<p>&nbsp;<\/p>\n<p><strong>V\u00fdhody funkcie PFC:<\/strong><\/p>\n<ul>\n<li>Stroj mo\u017eno pripoji\u0165 k zdroju pr\u00fadu AC 160V &#8211; 265V<\/li>\n<li>Zv\u00e1rac\u00ed stroj je vhodn\u00fd pre prev\u00e1dzku na elektrocentr\u00e1lach s AVR alebo pre ve\u013emi dlh\u00e9 predl\u017eovacie k\u00e1ble (a\u017e 200m) v\u010faka ve\u013emi malej n\u00e1chylnosti na podp\u00e4tia a prep\u00e4tia sie\u0165ov\u00e9ho pr\u00fadu<\/li>\n<li>Men\u0161ie \u00farove\u0148 elektromagnetick\u00e9ho ru\u0161enia<\/li>\n<li>Vy\u0161\u0161ia \u00fa\u010dinnos\u0165 v\u010faka, ktor\u00e9mu nedoch\u00e1dza k ve\u013ek\u00e9mu nam\u00e1haniu isti\u010da (isti\u010d vypne nesk\u00f4r ne\u017e u zariaden\u00ed bez PFC)<\/li>\n<\/ul>\n<p>&nbsp;<\/p>\n","protected":false},"excerpt":{"rendered":"<p>Invertorov\u00fd zv\u00e1rac\u00ed stroj rady GAMASTAR je ur\u010den\u00fd pre zv\u00e1ranie obalenou elektr\u00f3dou MMA, TIG s dotykov\u00fdm \u0161tartom &#8220;LIFT ARC&#8221;(zv\u00e1ranie v ochrannej atmosf\u00e9re netaviacou sa elektr\u00f3dou) a zv\u00e1ranie v ochrannej atmosf\u00e9re CO2, ARGONU alebo zmesn\u00fdch plynov MIG,MAG. Stroj GAMASTAR je ur\u010den\u00fd najm\u00e4 pre mont\u00e1\u017ene fimry, ktor\u00e9 vyu\u017eivaj\u00fa nap\u00e1jecie nap\u00e4tie 230V, autoklampiarov a pre z\u00e1mo\u010dn\u00edcke pr\u00e1ce. Stroj je vybaven\u00fd digit\u00e1lnym displejom a meni\u010dom polarity pre zv\u00e1ranie r\u00farkov\u00fdm dr\u00f4tom bez ochrany plynu.<\/p>\n<p>Zdroj je vybaven\u00fd pre met\u00f3du MMA funkciami:<\/p>\n<ul>\n<li><strong>HOT START<\/strong>\u00a0pre dokonal\u00e9 zap\u00e1lenie elektrick\u00e9ho obl\u00faku (mo\u017enos\u0165 regul\u00e1cie \u010dasu a pr\u00fadu)<\/li>\n<li><strong>SOFT START<\/strong>\u00a0funkcia zais\u0165uje pomal\u00fd n\u00e1beh zv\u00e1racieho pr\u00fadu, s touto funkciou je &#8220;vypad\u00e1vanie&#8221; isti\u010dov pri zap\u00ednan\u00ed zv\u00e1ra\u010dky minulos\u0165ou (mo\u017enos\u0165 regul\u00e1cie \u010dasu a pr\u00fadu)<\/li>\n<li><strong>ANTISTICK\u00a0<\/strong>zabra\u0148uje prilepeniu elektr\u00f3dy<\/li>\n<li><strong>ARC FORCE<\/strong>\u00a0zais\u0165uje stabilitu obl\u00faku&nbsp;<\/li>\n<\/ul>\n<p>Pre zv\u00e1ranie met\u00f3dou MIG\/MAG mo\u017eno voli\u0165: re\u017eim 2T \/ 4T, r\u00fdchlos\u0165 posuvu dr\u00f4tu (m\/min. a nap\u00e4tie V), bodovanie s regul\u00e1ciou d\u013a\u017eky trvania bodov a medzeri medzi bodmi, doba predfuku a dofoku plynu, v\u00fdlet dr\u00f4tu (pribli\u017eovacia r\u00fdchlos\u0165) a doba dohorenia.<\/p>\n<p>U modelu &#8220;<strong>LS&#8221;<\/strong>\u00a0m\u00f4\u017ee obsluha vybra\u0165 nastavenie v manu\u00e1lnom re\u017eime alebo zvoli\u0165 re\u017eim\u00a0<strong>synergick\u00fd<\/strong>, kde vyberie len priemer dr\u00f4tu (0,6-0,8mm pre \u017eelezo, nerez alebo 1,0-1,2mm pre hlin\u00edk) a potvrd\u00ed typ materi\u00e1lu (Fe, Cr, Al), stroj zaist\u00ed najoptim\u00e1lnej\u0161iu regul\u00e1ciu zv\u00e1racieho procesu (s mo\u017enos\u0165ou doladenia jednotliv\u00fdch funki\u00ed a v\u00fdberu 2T,4T alebo bodovania).<\/p>\n<p>&nbsp;<\/p>\n<p>V\u00fdbavu met\u00f3dy TIG tvoria funkcie:<\/p>\n<ul>\n<li><strong>LIFT ARC<\/strong>\u00a0so \u0161tartom obl\u00faku \u013eahk\u00fdm dotykom s ve\u013emi n\u00edzkym opotreben\u00edm wolframovej elektr\u00f3dy<\/li>\n<li><strong>DOWN SLOPE<\/strong>\u00a0vyplnenie kr\u00e1tera na konci zvaru (zv\u00e1rac\u00ed pr\u00fad sa zn\u00ed\u017ei v nastavenom \u010dase na po\u017eadovan\u00fa hodnotu) je aktivovan\u00e9 oddialen\u00edm hor\u00e1ku o 8-10mm, za\u010diatok doby vyp\u013a\u0148ania kr\u00e1tera je akusticky signalizovan\u00fd<\/li>\n<li><strong>TIG PULSE<\/strong>\u00a0nastavenie frekvencie (1-500 Hz) puls\u00e1cie zv\u00e1racieho pr\u00fadu.<\/li>\n<\/ul>\n<p>&nbsp;<\/p>\n<p><strong>V\u00fdhody funkcie PFC:<\/strong><\/p>\n<ul>\n<li>Stroj mo\u017eno pripoji\u0165 k zdroju pr\u00fadu AC 160V &#8211; 265V<\/li>\n<li>Zv\u00e1rac\u00ed stroj je vhodn\u00fd pre prev\u00e1dzku na elektrocentr\u00e1lach s AVR alebo pre ve\u013emi dlh\u00e9 predl\u017eovacie k\u00e1ble (a\u017e 200m) v\u010faka ve\u013emi malej n\u00e1chylnosti na podp\u00e4tia a prep\u00e4tia sie\u0165ov\u00e9ho pr\u00fadu<\/li>\n<li>Men\u0161ie \u00farove\u0148 elektromagnetick\u00e9ho ru\u0161enia<\/li>\n<li>Vy\u0161\u0161ia \u00fa\u010dinnos\u0165 v\u010faka, ktor\u00e9mu nedoch\u00e1dza k ve\u013ek\u00e9mu nam\u00e1haniu isti\u010da (isti\u010d vypne nesk\u00f4r ne\u017e u zariaden\u00ed bez PFC)<\/li>\n<\/ul>\n<p>&nbsp;<\/p>\n","protected":false},"featured_media":38,"comment_status":"open","ping_status":"closed","template":"","meta":[],"product_cat":[15],"product_tag":[],"class_list":["post-37","product","type-product","status-publish","has-post-thumbnail","hentry","product_cat-nezaradene"],"_links":{"self":[{"href":"https:\/\/www.zvartech.sk\/index.php\/wp-json\/wp\/v2\/product\/37","targetHints":{"allow":["GET"]}}],"collection":[{"href":"https:\/\/www.zvartech.sk\/index.php\/wp-json\/wp\/v2\/product"}],"about":[{"href":"https:\/\/www.zvartech.sk\/index.php\/wp-json\/wp\/v2\/types\/product"}],"replies":[{"embeddable":true,"href":"https:\/\/www.zvartech.sk\/index.php\/wp-json\/wp\/v2\/comments?post=37"}],"wp:featuredmedia":[{"embeddable":true,"href":"https:\/\/www.zvartech.sk\/index.php\/wp-json\/wp\/v2\/media\/38"}],"wp:attachment":[{"href":"https:\/\/www.zvartech.sk\/index.php\/wp-json\/wp\/v2\/media?parent=37"}],"wp:term":[{"taxonomy":"product_cat","embeddable":true,"href":"https:\/\/www.zvartech.sk\/index.php\/wp-json\/wp\/v2\/product_cat?post=37"},{"taxonomy":"product_tag","embeddable":true,"href":"https:\/\/www.zvartech.sk\/index.php\/wp-json\/wp\/v2\/product_tag?post=37"}],"curies":[{"name":"wp","href":"https:\/\/api.w.org\/{rel}","templated":true}]}}