{"id":35,"date":"2021-11-27T23:01:15","date_gmt":"2021-11-27T22:01:15","guid":{"rendered":"https:\/\/www.zvartech.sk\/?post_type=product&#038;p=35"},"modified":"2026-01-08T01:37:49","modified_gmt":"2026-01-08T00:37:49","slug":"omicron-omi-246d","status":"publish","type":"product","link":"https:\/\/www.zvartech.sk\/index.php\/produkt\/omicron-omi-246d\/","title":{"rendered":"Omicron OMI 246D"},"content":{"rendered":"<p><strong>echnick\u00e9 parametre:<\/strong><\/p>\n<ul>\n<li>Nap\u00e1jacie nap\u00e4tie 3x400V<\/li>\n<li>Pr\u00edkon 7,8 kVA<\/li>\n<li>ED 60% = 220A<\/li>\n<li>ED 100% = 170A<\/li>\n<li>Pr\u00fadov\u00fd rozsah 30 &#8211; 220A<\/li>\n<li>Nap\u00e4tie napr\u00e1zdno 18-35,5V<\/li>\n<li>Istenie 16A<\/li>\n<li>Druh krytia IP 21S<\/li>\n<li>Rozmery (\u0161 x v x d) 490 x 660 x 740mm<\/li>\n<li>Hmotnso\u0165 65kg<\/li>\n<li>Po\u010det hodn\u00f4t ovl\u00e1da\u010da 10<\/li>\n<li>Rozsah priemeru dr\u00f4tu 0,6-1,0mm<\/li>\n<li>R\u00fdchlos\u0165 posuvu 5-20 m\/min<\/li>\n<li>Hmotnos\u0165 cievky 5-18kg<\/li>\n<li>\u010cesk\u00fd v\u00fdrobca<\/li>\n<\/ul>\n<p>&nbsp;<\/p>\n<p><strong>P<\/strong><strong>r\u00edslu\u0161enstvo v cene:<\/strong><\/p>\n<ul>\n<li>Zemniaci k\u00e1bel 3m<\/li>\n<li>Plynov\u00e1 hadica<\/li>\n<\/ul>\n","protected":false},"excerpt":{"rendered":"<p><strong>Technick\u00fd popis:<\/strong><\/p>\n<ul>\n<li>vybaven\u00fd pojazdom, presna nastavite\u013en\u00e1 d\u013a\u017eka bodov, nastavite\u013en\u00e1 d\u013a\u017eka cyklov, prep\u00ednanie 2T-4T, tepeln\u00e1 ochrana, vzduchom chladen\u00fd, predfuk plynu, dofuk plynu, eurokoncovkou je mo\u017en\u00e9 pripojenie hor\u00e1ku 3,4,5 m<\/li>\n<li>pri pou\u017eit\u00ed vhodnej ochrannej atmosf\u00e9ry mo\u017eno zv\u00e1ra\u0165 v\u0161etky druhy n\u00edzkolegovan\u00fdch a vysokolegovan\u00fdch ocel\u00ed<\/li>\n<li>medenn\u00e9 vinutie trafa a v\u00fdkonn\u00e9 chladenie umo\u017e\u0148uje vyu\u017eitie zv\u00e1rac\u00edch poloautomatov pre dlhodob\u00e9 nasadenie<\/li>\n<li>stroj je osaden\u00fd\u00a0<strong>4-kladkov\u00fdm pod\u00e1va\u010dom<\/strong><\/li>\n<\/ul>\n<p>&nbsp;<\/p>\n","protected":false},"featured_media":36,"comment_status":"open","ping_status":"closed","template":"","meta":[],"product_cat":[15],"product_tag":[],"class_list":["post-35","product","type-product","status-publish","has-post-thumbnail","hentry","product_cat-nezaradene"],"_links":{"self":[{"href":"https:\/\/www.zvartech.sk\/index.php\/wp-json\/wp\/v2\/product\/35","targetHints":{"allow":["GET"]}}],"collection":[{"href":"https:\/\/www.zvartech.sk\/index.php\/wp-json\/wp\/v2\/product"}],"about":[{"href":"https:\/\/www.zvartech.sk\/index.php\/wp-json\/wp\/v2\/types\/product"}],"replies":[{"embeddable":true,"href":"https:\/\/www.zvartech.sk\/index.php\/wp-json\/wp\/v2\/comments?post=35"}],"wp:featuredmedia":[{"embeddable":true,"href":"https:\/\/www.zvartech.sk\/index.php\/wp-json\/wp\/v2\/media\/36"}],"wp:attachment":[{"href":"https:\/\/www.zvartech.sk\/index.php\/wp-json\/wp\/v2\/media?parent=35"}],"wp:term":[{"taxonomy":"product_cat","embeddable":true,"href":"https:\/\/www.zvartech.sk\/index.php\/wp-json\/wp\/v2\/product_cat?post=35"},{"taxonomy":"product_tag","embeddable":true,"href":"https:\/\/www.zvartech.sk\/index.php\/wp-json\/wp\/v2\/product_tag?post=35"}],"curies":[{"name":"wp","href":"https:\/\/api.w.org\/{rel}","templated":true}]}}