{"id":33,"date":"2021-11-27T22:58:50","date_gmt":"2021-11-27T21:58:50","guid":{"rendered":"https:\/\/www.zvartech.sk\/?post_type=product&#038;p=33"},"modified":"2025-06-12T01:34:03","modified_gmt":"2025-06-11T23:34:03","slug":"omicron-omi-206","status":"publish","type":"product","link":"https:\/\/www.zvartech.sk\/index.php\/produkt\/omicron-omi-206\/","title":{"rendered":"OMICRON OMI 206"},"content":{"rendered":"<p>Zat\u011b\u017eovatel: M\u011b\u0159eno p\u0159i 40\u00b0C<\/p>\n<p>40% &#8211; 200A &#8211; 24V<\/p>\n<p>60% &#8211; 170A &#8211; 22,5V<\/p>\n<p>100% &#8211; 135A &#8211; 20,75V<\/p>\n<p>\u010cesk\u00fd v\u00fdrobek.<\/p>\n<h2>Parametry<\/h2>\n<table class=\"ClassInfoHodnoty\">\n<tbody>\n<tr class=\"licha\">\n<td>Hmotnost<\/td>\n<td>59 kg<\/td>\n<\/tr>\n<tr class=\"suda\">\n<td>Nap\u00e1jec\u00ed nap\u011bt\u00ed<\/td>\n<td>3 x 400V<\/td>\n<\/tr>\n<tr class=\"licha\">\n<td>Proudov\u00fd rozsah<\/td>\n<td>30 &#8211; 200A<\/td>\n<\/tr>\n<tr class=\"suda\">\n<td>Rozm\u011bry<\/td>\n<td>490 x 660 x 740<\/td>\n<\/tr>\n<\/tbody>\n<\/table>\n<p>Viac tu:\u00a0<a href=\"https:\/\/www.omicron.sk\/products\/omi-206-4kladka\/?utm_source=copy&amp;utm_medium=paste&amp;utm_campaign=copypaste&amp;utm_content=https%3A%2F%2Fwww.omicron.sk%2Fproducts%2Fomi-206-4kladka%2F\">https:\/\/www.omicron.sk\/products\/omi-206-4kladka\/<\/a><\/p>\n","protected":false},"excerpt":{"rendered":"<h2>Klasick\u00fd zv\u00e1rac\u00ed poloautomat pre\u00a0zv\u00e1ranie v ochrannej atmosf\u00e9re MIG-MAG.<\/h2>\n<div>Konstrukcia zv\u00e1rac\u00edch poloautomatou OMI zaru\u010duje vysok\u00fa spolahlivos\u0165 zdroja, v\u00fdborn\u00e9\u00a0zv\u00e1racie vlastnosti v \u0161irokej oblasti pou\u017eitia. Pri pou\u017eit\u00ed vhodnej ochrannej atmosf\u00e9ry\u00a0sa daj\u00fa zv\u00e1ra\u0165 v\u0161etky druhy n\u00edzkolegovan\u00fdch ocel\u00ed.<\/p>\n<p>D\u00edky vysoce v\u00fdkonn\u00e9mu chlazen\u00ed a m\u011bd\u011bn\u00e9mu vinut\u00ed lze zdroj pou\u017e\u00edt pro dlouhodob\u00e9 nasazen\u00ed v t\u011b\u017ek\u00e9m pr\u016fmyslu.V\u00fdbava:<\/p>\n<p>OMI 206 umo\u017e\u0148uje elektronicky nastavit d\u00e9lku bodu, pomal\u00fdch pulz\u016f \u010di p\u0159epnout stroj do re\u017eimu \u010dty\u0159takt. V\u0161echny tyto funce jsou \u0159\u00edzeny mikroprocesorem. Eurokoncovkou je mo\u017en\u00e9 p\u0159ipojen\u00ed ho\u0159\u00e1k\u016f 3,4,5 m.<\/p>\n<\/div>\n","protected":false},"featured_media":34,"comment_status":"open","ping_status":"closed","template":"","meta":[],"product_cat":[15],"product_tag":[],"class_list":["post-33","product","type-product","status-publish","has-post-thumbnail","hentry","product_cat-nezaradene"],"_links":{"self":[{"href":"https:\/\/www.zvartech.sk\/index.php\/wp-json\/wp\/v2\/product\/33","targetHints":{"allow":["GET"]}}],"collection":[{"href":"https:\/\/www.zvartech.sk\/index.php\/wp-json\/wp\/v2\/product"}],"about":[{"href":"https:\/\/www.zvartech.sk\/index.php\/wp-json\/wp\/v2\/types\/product"}],"replies":[{"embeddable":true,"href":"https:\/\/www.zvartech.sk\/index.php\/wp-json\/wp\/v2\/comments?post=33"}],"wp:featuredmedia":[{"embeddable":true,"href":"https:\/\/www.zvartech.sk\/index.php\/wp-json\/wp\/v2\/media\/34"}],"wp:attachment":[{"href":"https:\/\/www.zvartech.sk\/index.php\/wp-json\/wp\/v2\/media?parent=33"}],"wp:term":[{"taxonomy":"product_cat","embeddable":true,"href":"https:\/\/www.zvartech.sk\/index.php\/wp-json\/wp\/v2\/product_cat?post=33"},{"taxonomy":"product_tag","embeddable":true,"href":"https:\/\/www.zvartech.sk\/index.php\/wp-json\/wp\/v2\/product_tag?post=33"}],"curies":[{"name":"wp","href":"https:\/\/api.w.org\/{rel}","templated":true}]}}