{"id":27,"date":"2021-11-27T22:41:22","date_gmt":"2021-11-27T21:41:22","guid":{"rendered":"https:\/\/www.zvartech.sk\/?post_type=product&#038;p=27"},"modified":"2026-03-17T14:30:07","modified_gmt":"2026-03-17T13:30:07","slug":"omicron-gama-1550a","status":"publish","type":"product","link":"https:\/\/www.zvartech.sk\/index.php\/produkt\/omicron-gama-1550a\/","title":{"rendered":"OMICRON GAMA 1550A"},"content":{"rendered":"","protected":false},"excerpt":{"rendered":"<p><strong>GAMA 1550A<\/strong>\u00a0&#8211; invertorov\u00fd sv\u00e1\u0159ec\u00ed stroj \u0159ady &#8220;1000&#8221;je ur\u010den pro sv\u00e1\u0159en\u00ed obalovanou elektrodou (MMA) a dotykov\u00fdm sv\u00e1\u0159en\u00edm netav\u00edc\u00ed se wolframovou elektrodou (TIG-LIFT ARC) p\u0159i mont\u00e1\u017en\u00edch pr\u00e1c\u00edch i pro nejvy\u0161\u0161\u00ed z\u00e1t\u011b\u017e.<br \/>\n<strong>GAMA 1550A<\/strong>\u00a0je vybaven funkcemi:<br \/>\n<strong>HOT START<\/strong>\u00a0&#8211; pro dokonal\u00e9 zap\u00e1len\u00ed sv\u00e1\u0159ec\u00edho oblouku.<br \/>\n<strong>SOFT START<\/strong>\u00a0&#8211; funkce zaji\u0161\u0165uje pomal\u00fd n\u00e1b\u011bh sv\u00e1\u0159ec\u00edho proudu. Tato funkce se nejl\u00e9pe uplatn\u00ed u bazick\u00fdch elektrod.Dal\u0161\u00ed v\u00fdhodou je v\u00fdrazn\u00e9 omezen\u00ed tvorby struskov\u00fdch vm\u011bstk\u016f, redukce odst\u0159iku.<br \/>\n<strong>ANTISTICK<\/strong>\u00a0&#8211; pro omezen\u00ed sv\u00e1\u0159ec\u00edho proudu p\u0159i zkratu.<br \/>\nBezpe\u010dnostn\u00ed nap\u011bt\u00ed V.R.D.<br \/>\nSv\u00e1\u0159ec\u00ed invertor je vybaven \u00fasporn\u00fdm re\u017eimem (vyp\u00edn\u00e1n\u00ed zdroje).<\/p>\n","protected":false},"featured_media":28,"comment_status":"open","ping_status":"closed","template":"","meta":[],"product_cat":[15],"product_tag":[],"class_list":["post-27","product","type-product","status-publish","has-post-thumbnail","hentry","product_cat-nezaradene"],"_links":{"self":[{"href":"https:\/\/www.zvartech.sk\/index.php\/wp-json\/wp\/v2\/product\/27","targetHints":{"allow":["GET"]}}],"collection":[{"href":"https:\/\/www.zvartech.sk\/index.php\/wp-json\/wp\/v2\/product"}],"about":[{"href":"https:\/\/www.zvartech.sk\/index.php\/wp-json\/wp\/v2\/types\/product"}],"replies":[{"embeddable":true,"href":"https:\/\/www.zvartech.sk\/index.php\/wp-json\/wp\/v2\/comments?post=27"}],"wp:featuredmedia":[{"embeddable":true,"href":"https:\/\/www.zvartech.sk\/index.php\/wp-json\/wp\/v2\/media\/28"}],"wp:attachment":[{"href":"https:\/\/www.zvartech.sk\/index.php\/wp-json\/wp\/v2\/media?parent=27"}],"wp:term":[{"taxonomy":"product_cat","embeddable":true,"href":"https:\/\/www.zvartech.sk\/index.php\/wp-json\/wp\/v2\/product_cat?post=27"},{"taxonomy":"product_tag","embeddable":true,"href":"https:\/\/www.zvartech.sk\/index.php\/wp-json\/wp\/v2\/product_tag?post=27"}],"curies":[{"name":"wp","href":"https:\/\/api.w.org\/{rel}","templated":true}]}}