{"id":19,"date":"2021-11-27T22:24:44","date_gmt":"2021-11-27T21:24:44","guid":{"rendered":"https:\/\/www.zvartech.sk\/index.php\/produkt\/hoodie-with-logo\/"},"modified":"2026-04-15T03:16:43","modified_gmt":"2026-04-15T01:16:43","slug":"omicron-gama-160k","status":"publish","type":"product","link":"https:\/\/www.zvartech.sk\/index.php\/produkt\/omicron-gama-160k\/","title":{"rendered":"OMICRON GAMA 160k"},"content":{"rendered":"<div>GAMA 160k je vybaven\u00e1 funkciami: HOT START pre dokonal\u00e9 zap\u00e1lenie zv\u00e1racieho obl\u00faku, ANTISTICK pre obmezenie zv\u00e1racieho pr\u00fadu pri zkrate, prep\u00edna\u010dom charakteristiky MMA-TIG pre zvolenie vhodn\u00e9ho zv\u00e1racieho procesu.<br \/>\nVybavenie:<br \/>\nPopruh\u00a0cez rameno, prep\u00edna\u010d MMA &#8211; TIG, kontrolka prehriatia stroja.<br \/>\nZata\u017eovate\u013e:<br \/>\n25% &#8211; 160A &#8211; 26,4V<br \/>\n60% &#8211; 110A &#8211; 24,4V<br \/>\n100% &#8211; 80A &#8211; 23,2V<br \/>\n\u010cesk\u00fd v\u00fdrobok<\/p>\n<h2>Parametre<\/h2>\n<table class=\"ClassInfoHodnoty\">\n<tbody>\n<tr class=\"licha\">\n<td>Hmotnos\u0165<\/td>\n<td>5,1kg<\/td>\n<\/tr>\n<tr class=\"suda\">\n<td>Nap\u00e1jacie nap\u00e4tie<\/td>\n<td>1x230V<\/td>\n<\/tr>\n<tr class=\"licha\">\n<td>Pr\u00fadov\u00fd rozsah<\/td>\n<td>10-160A<\/td>\n<\/tr>\n<tr class=\"suda\">\n<td>Rozmery<\/td>\n<td>130x245x270<\/td>\n<\/tr>\n<\/tbody>\n<\/table>\n<\/div>\n<ul>\n<li><span class=\"title\">V\u00fdrobca:<\/span>\u00a0<span class=\"value\">Omicron<\/span><\/li>\n<li><span class=\"title\">Hmotnos\u0165:<\/span>\u00a0<span class=\"value\">5.2<\/span><\/li>\n<\/ul>\n","protected":false},"excerpt":{"rendered":"<p>Invertorov\u00fd zv\u00e1rac\u00ed stroj GAMA 160k v praktickom plastovom preveden\u00ed je n\u00e1stupcom popul\u00e1rneho stroja GAMA 160. Stroj je ur\u010den\u00fd pre\u00a0zv\u00e1ranie obalenou elektrodou (MMA) a metodou netaviacej sa wolframovej elektrody (TIG) pri mont\u00e1\u017en\u00edch pr\u00e1cach.<\/p>\n","protected":false},"featured_media":20,"comment_status":"open","ping_status":"closed","template":"","meta":[],"product_cat":[17],"product_tag":[],"class_list":["post-19","product","type-product","status-publish","has-post-thumbnail","hentry","product_cat-hoodies"],"_links":{"self":[{"href":"https:\/\/www.zvartech.sk\/index.php\/wp-json\/wp\/v2\/product\/19","targetHints":{"allow":["GET"]}}],"collection":[{"href":"https:\/\/www.zvartech.sk\/index.php\/wp-json\/wp\/v2\/product"}],"about":[{"href":"https:\/\/www.zvartech.sk\/index.php\/wp-json\/wp\/v2\/types\/product"}],"replies":[{"embeddable":true,"href":"https:\/\/www.zvartech.sk\/index.php\/wp-json\/wp\/v2\/comments?post=19"}],"wp:featuredmedia":[{"embeddable":true,"href":"https:\/\/www.zvartech.sk\/index.php\/wp-json\/wp\/v2\/media\/20"}],"wp:attachment":[{"href":"https:\/\/www.zvartech.sk\/index.php\/wp-json\/wp\/v2\/media?parent=19"}],"wp:term":[{"taxonomy":"product_cat","embeddable":true,"href":"https:\/\/www.zvartech.sk\/index.php\/wp-json\/wp\/v2\/product_cat?post=19"},{"taxonomy":"product_tag","embeddable":true,"href":"https:\/\/www.zvartech.sk\/index.php\/wp-json\/wp\/v2\/product_tag?post=19"}],"curies":[{"name":"wp","href":"https:\/\/api.w.org\/{rel}","templated":true}]}}